{"id":7,"date":"2024-03-29T13:22:56","date_gmt":"2024-03-29T13:22:56","guid":{"rendered":"http:\/\/bertacomics.wordpress.com\/?page_id=1"},"modified":"2024-03-30T19:06:57","modified_gmt":"2024-03-30T18:06:57","slug":"portada","status":"publish","type":"page","link":"https:\/\/revista.ceipbertawilhelmi.es\/","title":{"rendered":"PORTADA"},"content":{"rendered":"\n<p>Durante este curso 2023-24 estamos trabajando sobre el c\u00f3mic en tanto que medio de expresi\u00f3n gr\u00e1fica y literaria. <\/p>\n\n\n\n<p>Nos propusimos homenajear al gran dibujante Francisco Ib\u00e1\u00f1ez (fallecido en agosto de 2023), creador de Mortadelo y muchos otros personajes que han trascendido la memoria de diferentes generaciones.<\/p>\n\n\n\n<p>He aqu\u00ed un muestrario de nuestras experiencias leyendo y dibujando c\u00f3mics. Esperamos que las disfruten tanto ley\u00e9ndolas como nosotros y nosotras haci\u00e9ndolas.<\/p>\n","protected":false},"excerpt":{"rendered":"<p>Durante este curso 2023-24 estamos trabajando sobre el c\u00f3mic en tanto que medio de expresi\u00f3n gr\u00e1fica y literaria. Nos propusimos homenajear al gran dibujante Francisco Ib\u00e1\u00f1ez (fallecido en agosto de 2023), creador de Mortadelo y muchos otros personajes que han&#8230; <a class=\"more-link\" href=\"https:\/\/revista.ceipbertawilhelmi.es\/\">Seguir leyendo &rarr;<\/a><\/p>\n","protected":false},"author":2,"featured_media":120,"parent":0,"menu_order":0,"comment_status":"closed","ping_status":"closed","template":"template-nosidebar.php","meta":{"footnotes":""},"_links":{"self":[{"href":"https:\/\/revista.ceipbertawilhelmi.es\/index.php?rest_route=\/wp\/v2\/pages\/7"}],"collection":[{"href":"https:\/\/revista.ceipbertawilhelmi.es\/index.php?rest_route=\/wp\/v2\/pages"}],"about":[{"href":"https:\/\/revista.ceipbertawilhelmi.es\/index.php?rest_route=\/wp\/v2\/types\/page"}],"author":[{"embeddable":true,"href":"https:\/\/revista.ceipbertawilhelmi.es\/index.php?rest_route=\/wp\/v2\/users\/2"}],"replies":[{"embeddable":true,"href":"https:\/\/revista.ceipbertawilhelmi.es\/index.php?rest_route=%2Fwp%2Fv2%2Fcomments&post=7"}],"version-history":[{"count":4,"href":"https:\/\/revista.ceipbertawilhelmi.es\/index.php?rest_route=\/wp\/v2\/pages\/7\/revisions"}],"predecessor-version":[{"id":122,"href":"https:\/\/revista.ceipbertawilhelmi.es\/index.php?rest_route=\/wp\/v2\/pages\/7\/revisions\/122"}],"wp:featuredmedia":[{"embeddable":true,"href":"https:\/\/revista.ceipbertawilhelmi.es\/index.php?rest_route=\/wp\/v2\/media\/120"}],"wp:attachment":[{"href":"https:\/\/revista.ceipbertawilhelmi.es\/index.php?rest_route=%2Fwp%2Fv2%2Fmedia&parent=7"}],"curies":[{"name":"wp","href":"https:\/\/api.w.org\/{rel}","templated":true}]}}